{"id":20,"date":"2023-01-17T09:53:18","date_gmt":"2023-01-17T09:53:18","guid":{"rendered":"https:\/\/physiotherapie-muhl.de\/muhl\/?page_id=20"},"modified":"2023-01-23T11:19:22","modified_gmt":"2023-01-23T11:19:22","slug":"unsere-praxisaeume","status":"publish","type":"page","link":"https:\/\/physiotherapie-muhl.de\/?page_id=20","title":{"rendered":"Praxisr\u00e4ume"},"content":{"rendered":"<h1><span style=\"font-size: 18pt; font-family: arial, helvetica, sans-serif;\">Funktionelle, helle und freundliche R\u00e4ume sorgen f\u00fcr eine angenehme Atmosph\u00e4re<\/span><\/h1>\n<p>&nbsp;<\/p>\n<p><img loading=\"lazy\" decoding=\"async\" class=\"wp-image-22 size-full aligncenter\" src=\"https:\/\/physiotherapie-muhl.de\/wp-content\/uploads\/2023\/01\/raum1.jpg\" alt=\"\" width=\"1500\" height=\"998\" srcset=\"https:\/\/physiotherapie-muhl.de\/wp-content\/uploads\/2023\/01\/raum1.jpg 1500w, https:\/\/physiotherapie-muhl.de\/wp-content\/uploads\/2023\/01\/raum1-300x200.jpg 300w, https:\/\/physiotherapie-muhl.de\/wp-content\/uploads\/2023\/01\/raum1-1024x681.jpg 1024w, https:\/\/physiotherapie-muhl.de\/wp-content\/uploads\/2023\/01\/raum1-768x511.jpg 768w\" sizes=\"auto, (max-width: 1500px) 100vw, 1500px\" \/><\/p>\n<p><img loading=\"lazy\" decoding=\"async\" class=\"aligncenter wp-image-21 size-full\" src=\"https:\/\/physiotherapie-muhl.de\/wp-content\/uploads\/2023\/01\/raum2.jpg\" alt=\"\" width=\"1500\" height=\"998\" srcset=\"https:\/\/physiotherapie-muhl.de\/wp-content\/uploads\/2023\/01\/raum2.jpg 1500w, https:\/\/physiotherapie-muhl.de\/wp-content\/uploads\/2023\/01\/raum2-300x200.jpg 300w, https:\/\/physiotherapie-muhl.de\/wp-content\/uploads\/2023\/01\/raum2-1024x681.jpg 1024w, https:\/\/physiotherapie-muhl.de\/wp-content\/uploads\/2023\/01\/raum2-768x511.jpg 768w\" sizes=\"auto, (max-width: 1500px) 100vw, 1500px\" \/><\/p>\n<p><img loading=\"lazy\" decoding=\"async\" class=\"aligncenter wp-image-149 size-full\" src=\"https:\/\/physiotherapie-muhl.de\/wp-content\/uploads\/2023\/01\/DSC07560-scaled.webp\" alt=\"\" width=\"2560\" height=\"1704\" srcset=\"https:\/\/physiotherapie-muhl.de\/wp-content\/uploads\/2023\/01\/DSC07560-scaled.webp 2560w, https:\/\/physiotherapie-muhl.de\/wp-content\/uploads\/2023\/01\/DSC07560-300x200.webp 300w, https:\/\/physiotherapie-muhl.de\/wp-content\/uploads\/2023\/01\/DSC07560-1024x681.webp 1024w, https:\/\/physiotherapie-muhl.de\/wp-content\/uploads\/2023\/01\/DSC07560-768x511.webp 768w, https:\/\/physiotherapie-muhl.de\/wp-content\/uploads\/2023\/01\/DSC07560-1536x1022.webp 1536w, https:\/\/physiotherapie-muhl.de\/wp-content\/uploads\/2023\/01\/DSC07560-2048x1363.webp 2048w, https:\/\/physiotherapie-muhl.de\/wp-content\/uploads\/2023\/01\/DSC07560-2000x1331.webp 2000w\" sizes=\"auto, (max-width: 2560px) 100vw, 2560px\" \/><\/p>\n<p>&nbsp;<\/p>\n<p>&nbsp;<\/p>\n<p>&nbsp;<\/p>\n","protected":false},"excerpt":{"rendered":"<p>Funktionelle, helle und freundliche R\u00e4ume sorgen f\u00fcr eine angenehme Atmosph\u00e4re &nbsp; &nbsp; &nbsp; &nbsp;<\/p>\n","protected":false},"author":1,"featured_media":0,"parent":0,"menu_order":0,"comment_status":"closed","ping_status":"closed","template":"","meta":{"footnotes":""},"class_list":["post-20","page","type-page","status-publish","hentry"],"featured_media_urls":[],"_links":{"self":[{"href":"https:\/\/physiotherapie-muhl.de\/index.php?rest_route=\/wp\/v2\/pages\/20","targetHints":{"allow":["GET"]}}],"collection":[{"href":"https:\/\/physiotherapie-muhl.de\/index.php?rest_route=\/wp\/v2\/pages"}],"about":[{"href":"https:\/\/physiotherapie-muhl.de\/index.php?rest_route=\/wp\/v2\/types\/page"}],"author":[{"embeddable":true,"href":"https:\/\/physiotherapie-muhl.de\/index.php?rest_route=\/wp\/v2\/users\/1"}],"replies":[{"embeddable":true,"href":"https:\/\/physiotherapie-muhl.de\/index.php?rest_route=%2Fwp%2Fv2%2Fcomments&post=20"}],"version-history":[{"count":9,"href":"https:\/\/physiotherapie-muhl.de\/index.php?rest_route=\/wp\/v2\/pages\/20\/revisions"}],"predecessor-version":[{"id":152,"href":"https:\/\/physiotherapie-muhl.de\/index.php?rest_route=\/wp\/v2\/pages\/20\/revisions\/152"}],"wp:attachment":[{"href":"https:\/\/physiotherapie-muhl.de\/index.php?rest_route=%2Fwp%2Fv2%2Fmedia&parent=20"}],"curies":[{"name":"wp","href":"https:\/\/api.w.org\/{rel}","templated":true}]}}